{"id":13018,"date":"2025-02-18T09:46:55","date_gmt":"2025-02-18T09:46:55","guid":{"rendered":"https:\/\/tuningchip.se\/?page_id=13018"},"modified":"2026-03-24T16:30:39","modified_gmt":"2026-03-24T15:30:39","slug":"ovriga-tjanster","status":"publish","type":"page","link":"https:\/\/tuningchip.se\/en\/ovriga-tjanster\/","title":{"rendered":"Other services"},"content":{"rendered":"<section class=\"bde-section-13018-100 bde-section\">\n  \n  \n\t\n\n\n\n<div class=\"section-container\"><div class=\"bde-div-13018-101 bde-div\" data-entrance=\"slideUp\">\n  \n  \n\t\n\n\n\n<div class=\"bde-text-13018-206 bde-text bde-preset-49b6510a-e7ca-482c-bd42-65de3d2068ec\">\nOther services\n<\/div><h1 class=\"bde-heading-13018-103 bde-heading\">\nOther services we offer\n<\/h1><div class=\"bde-button-13018-105 bde-button\">\n    \n                                    \n    \n    \n    \n    \n            \n                    \n            \n            \n\n    \n    \n    \n    \n    \n    <a class=\"breakdance-link button-atom button-atom--primary bde-button__button\" href=\"https:\/\/tuningchip.se\/en\/kontakt\/\" target=\"_self\" data-type=\"url\"  >\n\n    \n        <span class=\"button-atom__text\">contact us now<\/span>\n\n        \n        \n                <\/a>\n\n    \n\n\n<\/div>\n<\/div><\/div>\n<\/section><section class=\"bde-section-13018-106 bde-section\">\n  \n  \n\t\n\n\n\n<div class=\"section-container\"><div class=\"bde-grid-13018-138 bde-grid\" data-entrance=\"slideUp\">\n  \n  \n\t\n\n\n\n<div class=\"bde-div-13018-139 bde-div\">\n  \n  \n\t\n\n\n\n<h2 class=\"bde-heading-13018-214 bde-heading\">\nGearbox optimization\n<\/h2><div class=\"bde-div-13018-160 bde-div\">\n  \n  \n\t\n\n\n\n<div class=\"bde-text-13018-197 bde-text bde-preset-ed8c0f78-019a-4b49-b0b4-ba38dd4e81be translation-block\">Our gearbox optimization provides higher drive wheel power, more torque, better performance and also faster gear shifting times.<br> Price without engine optimization <b>6,990:-<\/b> or in conjunction with engine optimization, <b>2,990:-<\/b><br> Applies to Porsche, BMW, Audi, VW, Seat and Skoda.<\/div><h2 class=\"bde-heading-13018-140 bde-heading\">\nMechatronic cloning \n<\/h2><div class=\"bde-text-13018-215 bde-text bde-preset-ed8c0f78-019a-4b49-b0b4-ba38dd4e81be translation-block\">Cloning DSG mechatronics means that software, calibrations and immobilizer data are copied from a defective transmission control unit (TCU) to a used one. DQ\/S-tronic control unit.<br> Price <b>2,990:-<\/b> <br><\/div>\n<\/div>\n<\/div><div class=\"bde-div-13018-162 bde-div\">\n  \n  \n\t\n\n\n\n<h2 class=\"bde-heading-13018-163 bde-heading\">\nEGR Off (Exhaust Gas Recirculation)\n<\/h2><div class=\"bde-div-13018-164 bde-div\">\n  \n  \n\t\n\n\n\n<div class=\"bde-text-13018-165 bde-text bde-preset-ed8c0f78-019a-4b49-b0b4-ba38dd4e81be\">\nEGR stands for Exhaust Gas Recirculation. The EGR valve is a spring-loaded piston that returns the exhaust gases to the combustion chamber a second time to be recycled. Sometimes this system can malfunction, the engine loses power and in some cases it cannot be repaired. We can turn this function off. \n<\/div><div class=\"bde-text-13018-166 bde-text bde-preset-ed8c0f78-019a-4b49-b0b4-ba38dd4e81be translation-block\">Price <b>3,990:-<\/b> \/ + <b>1,000:-<\/b> for optimization.<\/div><h2 class=\"bde-heading-13018-218 bde-heading\">\nOil Pressure Fix\n<\/h2><div class=\"bde-text-13018-217 bde-text bde-preset-ed8c0f78-019a-4b49-b0b4-ba38dd4e81be translation-block\">Higher oil pressure at low load.<br>Porsche, VAG with 3.0 diesel from 2016..<br>MD1CP004 - EDC17CP54<\/div><div class=\"bde-text-13018-216 bde-text bde-preset-ed8c0f78-019a-4b49-b0b4-ba38dd4e81be\">\nPrice <b>1.990:-<\/b>  \n<\/div>\n<\/div>\n<\/div><div class=\"bde-div-13018-172 bde-div\">\n  \n  \n\t\n\n\n\n<h2 class=\"bde-heading-13018-173 bde-heading\">\nAdBlue off Adblue delete\n<\/h2><div class=\"bde-div-13018-174 bde-div\">\n  \n  \n\t\n\n\n\n<div class=\"bde-text-13018-175 bde-text bde-preset-ed8c0f78-019a-4b49-b0b4-ba38dd4e81be\">\nAdblue fluid is a nitrogen-containing chemical compound that resembles animal urine and is converted to ammonia during the process, when it dries it becomes sticky and crystallized which often leads to errors or problems with the functionality of the system. That's where we come into the picture until politicians put pressure on the car industry to take responsibility for the system working throughout the car's life.<br>\n<\/div><div class=\"bde-text-13018-176 bde-text bde-preset-ed8c0f78-019a-4b49-b0b4-ba38dd4e81be\">\nPrice <b>4.990:-<\/b>  \/ + <b>2.000:-<\/b> during optimization.\n<\/div>\n<\/div>\n<\/div><div class=\"bde-div-13018-177 bde-div\">\n  \n  \n\t\n\n\n\n<h2 class=\"bde-heading-13018-178 bde-heading\">\nCatalyst Off\n<\/h2><div class=\"bde-div-13018-179 bde-div\">\n  \n  \n\t\n\n\n\n<div class=\"bde-text-13018-180 bde-text bde-preset-ed8c0f78-019a-4b49-b0b4-ba38dd4e81be\">\nA catalytic converter cleans the car's exhaust gases, primarily from carbon monoxide, nitrogen oxides and hydrocarbons. Work vehicles that idle a lot or cars that are only driven short distances often have problems with the system. This function can then be switched off.<br>\n<\/div><div class=\"bde-text-13018-181 bde-text bde-preset-ed8c0f78-019a-4b49-b0b4-ba38dd4e81be translation-block\">Price <b>3,990:-<\/b> \/ + <b>1,000:-<\/b> for optimization.<\/div>\n<\/div>\n<\/div><div class=\"bde-div-13018-182 bde-div\">\n  \n  \n\t\n\n\n\n<h2 class=\"bde-heading-13018-183 bde-heading\">\nA-Tractor Speed \u200b\u200blimiter\n<\/h2><div class=\"bde-div-13018-184 bde-div\">\n  \n  \n\t\n\n\n\n<div class=\"bde-text-13018-185 bde-text bde-preset-ed8c0f78-019a-4b49-b0b4-ba38dd4e81be\">\nWe help you speed limit your A-tractor with a soft V-max at 30 km\/h for the best comfort, including all necessary certificates. <br>\n<\/div><div class=\"bde-text-13018-186 bde-text bde-preset-ed8c0f78-019a-4b49-b0b4-ba38dd4e81be\">\nPrice <b>7.990:-<\/b>\n<\/div>\n<\/div>\n<\/div><div class=\"bde-div-13018-187 bde-div\">\n  \n  \n\t\n\n\n\n<h2 class=\"bde-heading-13018-188 bde-heading\">\nSoftware control<br>\n<\/h2><div class=\"bde-text-13018-190 bde-text bde-preset-ed8c0f78-019a-4b49-b0b4-ba38dd4e81be\">\nChecking whether the engine is optimized or not. This cost is also included if the car is already optimized at the visit to TuningChip.<br>\n<\/div><div class=\"bde-text-13018-211 bde-text bde-preset-ed8c0f78-019a-4b49-b0b4-ba38dd4e81be\">\nPrice <b>1.990:-<\/b>\n<\/div><h2 class=\"bde-heading-13018-209 bde-heading\">\nBMW Start\/stopp funktion off\/delete<br>\n<\/h2><div class=\"bde-div-13018-189 bde-div\">\n  \n  \n\t\n\n\n\n<div class=\"bde-text-13018-210 bde-text bde-preset-ed8c0f78-019a-4b49-b0b4-ba38dd4e81be\">\nAutomatically turns off the start\/stop function when you start the car. <br>\n<\/div><div class=\"bde-text-13018-191 bde-text bde-preset-ed8c0f78-019a-4b49-b0b4-ba38dd4e81be\">\nPrice <b>990:-<\/b>\n<\/div>\n<\/div>\n<\/div><div class=\"bde-div-13018-192 bde-div\">\n  \n  \n\t\n\n\n\n<h2 class=\"bde-heading-13018-193 bde-heading\">\nBMW\/VAG Sport Gauges<br>\n<\/h2><div class=\"bde-div-13018-194 bde-div\">\n  \n  \n\t\n\n\n\n<div class=\"bde-text-13018-195 bde-text bde-preset-ed8c0f78-019a-4b49-b0b4-ba38dd4e81be\">\nChange the top speed on the instrumentation from 260 km\/h to 330 km\/h. Applies to newer digital meters, not hybrid models. Also some VAG (VW, Audi, Seat, Skoda).<br>\n<\/div><div class=\"bde-text-13018-196 bde-text bde-preset-ed8c0f78-019a-4b49-b0b4-ba38dd4e81be\">\nPrice <b>990:-<\/b>\n<\/div>\n<\/div>\n<\/div>\n<\/div><\/div>\n<\/section>","protected":false},"excerpt":{"rendered":"<p>\u00d6vriga tj\u00e4nster Andra tj\u00e4nster vi erbjuder kontakta oss nu V\u00e4xell\u00e5dsoptimering V\u00e5r optimering av v\u00e4xell\u00e5dor ger h\u00f6gre drivhjulseffekt, mera vridmoment, b\u00e4ttre prestanda och \u00e4ven snabbare v\u00e4xlingstider. Pris utan motoroptimering 6.990:- eller i samband med motoroptimering, 2.990:-G\u00e4ller Porsche, BMW, Audi, VW, Seat och Skoda. Mechatronic kloning Kloning av DSG-mekatronik inneb\u00e4r att mjukvara, kalibreringar och startsp\u00e4rrsdata kopieras fr\u00e5n [&hellip;]<\/p>","protected":false},"author":1,"featured_media":0,"parent":0,"menu_order":0,"comment_status":"closed","ping_status":"closed","template":"","meta":{"_acf_changed":false,"_seopress_robots_primary_cat":"","_seopress_titles_title":"","_seopress_titles_desc":"","_seopress_robots_index":"","_breakdance_hide_in_design_set":false,"_breakdance_tags":"","footnotes":""},"class_list":["post-13018","page","type-page","status-publish","hentry"],"acf":[],"_links":{"self":[{"href":"https:\/\/tuningchip.se\/en\/wp-json\/wp\/v2\/pages\/13018","targetHints":{"allow":["GET"]}}],"collection":[{"href":"https:\/\/tuningchip.se\/en\/wp-json\/wp\/v2\/pages"}],"about":[{"href":"https:\/\/tuningchip.se\/en\/wp-json\/wp\/v2\/types\/page"}],"author":[{"embeddable":true,"href":"https:\/\/tuningchip.se\/en\/wp-json\/wp\/v2\/users\/1"}],"replies":[{"embeddable":true,"href":"https:\/\/tuningchip.se\/en\/wp-json\/wp\/v2\/comments?post=13018"}],"version-history":[{"count":43,"href":"https:\/\/tuningchip.se\/en\/wp-json\/wp\/v2\/pages\/13018\/revisions"}],"predecessor-version":[{"id":16201,"href":"https:\/\/tuningchip.se\/en\/wp-json\/wp\/v2\/pages\/13018\/revisions\/16201"}],"wp:attachment":[{"href":"https:\/\/tuningchip.se\/en\/wp-json\/wp\/v2\/media?parent=13018"}],"curies":[{"name":"wp","href":"https:\/\/api.w.org\/{rel}","templated":true}]}}