{"id":13114,"date":"2025-03-05T21:33:28","date_gmt":"2025-03-05T21:33:28","guid":{"rendered":"https:\/\/tuningchip.se\/?page_id=13114"},"modified":"2025-11-17T10:01:08","modified_gmt":"2025-11-17T09:01:08","slug":"dieselboxar","status":"publish","type":"page","link":"https:\/\/tuningchip.se\/en\/dieselboxar\/","title":{"rendered":"Dieselboxar"},"content":{"rendered":"<section class=\"bde-section-13114-100 bde-section\">\n  \n  \n\t\n\n\n\n<div class=\"section-container\"><div class=\"bde-text-13114-148 bde-text bde-preset-49b6510a-e7ca-482c-bd42-65de3d2068ec\">\nDiesel\n<\/div><h1 class=\"bde-heading-13114-102 bde-heading\">\nThe difference between a diesel box, a trim chip and a customized engine software.\n<\/h1><div class=\"bde-text-13114-145 bde-text\">\n1 feb 2024\n<\/div><div class=\"bde-grid-13114-109 bde-grid\" data-entrance=\"slideUp\">\n  \n  \n\t\n\n\n\n<div class=\"bde-div-13114-110 bde-div\">\n  \n  \n\t\n\n\n\n<h2 class=\"bde-heading-13114-111 bde-heading\">\nDiesel box\n<\/h2><div class=\"bde-div-13114-112 bde-div\">\n  \n  \n\t\n\n\n\n<div class=\"bde-text-13114-113 bde-text bde-preset-ed8c0f78-019a-4b49-b0b4-ba38dd4e81be translation-block\">A modern diesel engine has advanced control systems that work together to make everything work. A diesel box only manipulates the signals, the purpose of which is to increase the fuel pressure slightly, this is the only thing a diesel box does. It does this without informing the other control systems in the car.<br><br>A diesel box deceives the car's control system, as a result of which other values \u200b\u200bbecome incorrect. For example, the trip computer shows incorrect fuel consumption, the anti-skid system (ESP) and the automatic transmission receive incorrect values \u200b\u200bfor torque, torque reduction when shifting for durability, cleaning (regeneration) of the particulate filter does not work as intended.<br><br>Exhaust gas temperature and calculation of service intervals and the diagnostic system are disrupted.<br><br><b>Diesel boxes that the Swedish STT Emtec emission &amp; engine technology laboratory has tested have shown approximately 1\/3 of the guaranteed power increase. Another disadvantage was exceeding the maximum exhaust gas temperature in the turbo and too high fuel pressure.<\/b><\/div>\n<\/div>\n<\/div><div class=\"bde-div-13114-115 bde-div\">\n  \n  \n\t\n\n\n\n<h2 class=\"bde-heading-13114-116 bde-heading\">\nTrim chip\n<\/h2><div class=\"bde-div-13114-117 bde-div\">\n  \n  \n\t\n\n\n\n<div class=\"bde-text-13114-118 bde-text bde-preset-ed8c0f78-019a-4b49-b0b4-ba38dd4e81be\">\nAn updated software that replaces the car's original is installed in the car's engine control system - ECU. The software has a predetermined power increase regardless of the engine or transmission's condition and wear, mileage and area of \u200b\u200buse. A tuning chip is never an optimal solution.\n<\/div>\n<\/div><h2 class=\"bde-heading-13114-121 bde-heading\">\nTailored optimization\n<\/h2><div class=\"bde-text-13114-123 bde-text bde-preset-ed8c0f78-019a-4b49-b0b4-ba38dd4e81be\">\nJust as it sounds, an individually tailored engine software that takes into account, among other things, mileage, condition of the turbo and other engine components, and the car's area of \u200b\u200buse. TuningChip only works with tailored engine optimization.\n<\/div>\n<\/div>\n<\/div><div class=\"bde-div-13114-147 bde-div\">\n  \n  \n\t\n\n\n\n<div class=\"bde-button-13114-146 bde-button\">\n    \n                                    \n    \n    \n    \n    \n            \n                    \n            \n            \n\n    \n    \n    \n    \n    \n    <a class=\"breakdance-link button-atom button-atom--custom bde-button__button\" href=\"\/wp-content\/uploads\/2025\/03\/dieselboxens-test-resultat.pdf\" target=\"_blank\" data-type=\"url\"  >\n\n    \n        <span class=\"button-atom__text\">SEE THE DIESELBOX TEST RESULTS HERE<\/span>\n\n                            \n        \n                <\/a>\n\n    \n\n\n<\/div><a class=\"bde-text-link-13114-108 bde-text-link breakdance-link\" href=\"http:\/\/www.sttemtec.se\/\" target=\"_self\" data-type=\"url\">\n  Source\n\n<\/a>\n<\/div><\/div>\n<\/section>","protected":false},"excerpt":{"rendered":"<p>Diesel Skillnaden p\u00e5 dieselbox, trimchip och en skr\u00e4ddarsydd motorprogramvara. 1 feb 2024 Dieselbox En modern dieselmotor har avancerade styrsystem som samarbetar f\u00f6r att allt ska fungera. En dieselbox manipulerar enbart signalerna, syftet med det \u00e4r att h\u00f6ja br\u00e4nsletrycket en aning, det h\u00e4r \u00e4r det enda en dieselbox g\u00f6r. Detta g\u00f6r den utan att informera \u00f6vriga [&hellip;]<\/p>","protected":false},"author":1,"featured_media":0,"parent":0,"menu_order":0,"comment_status":"closed","ping_status":"closed","template":"","meta":{"_acf_changed":false,"_seopress_robots_primary_cat":"","_seopress_titles_title":"Skillnaden p\u00e5 dieselbox, trimchip och skr\u00e4ddarsydd motorprogramvara","_seopress_titles_desc":"","_seopress_robots_index":"","_breakdance_hide_in_design_set":false,"_breakdance_tags":"","footnotes":""},"class_list":["post-13114","page","type-page","status-publish","hentry"],"acf":[],"_links":{"self":[{"href":"https:\/\/tuningchip.se\/en\/wp-json\/wp\/v2\/pages\/13114","targetHints":{"allow":["GET"]}}],"collection":[{"href":"https:\/\/tuningchip.se\/en\/wp-json\/wp\/v2\/pages"}],"about":[{"href":"https:\/\/tuningchip.se\/en\/wp-json\/wp\/v2\/types\/page"}],"author":[{"embeddable":true,"href":"https:\/\/tuningchip.se\/en\/wp-json\/wp\/v2\/users\/1"}],"replies":[{"embeddable":true,"href":"https:\/\/tuningchip.se\/en\/wp-json\/wp\/v2\/comments?post=13114"}],"version-history":[{"count":9,"href":"https:\/\/tuningchip.se\/en\/wp-json\/wp\/v2\/pages\/13114\/revisions"}],"predecessor-version":[{"id":14302,"href":"https:\/\/tuningchip.se\/en\/wp-json\/wp\/v2\/pages\/13114\/revisions\/14302"}],"wp:attachment":[{"href":"https:\/\/tuningchip.se\/en\/wp-json\/wp\/v2\/media?parent=13114"}],"curies":[{"name":"wp","href":"https:\/\/api.w.org\/{rel}","templated":true}]}}