{"id":16006,"date":"2026-02-24T11:10:40","date_gmt":"2026-02-24T10:10:40","guid":{"rendered":"https:\/\/tuningchip.se\/?page_id=16006"},"modified":"2026-03-12T14:35:36","modified_gmt":"2026-03-12T13:35:36","slug":"lanebil-hamtservice","status":"publish","type":"page","link":"https:\/\/tuningchip.se\/en\/lanebil-hamtservice\/","title":{"rendered":"Loan car &amp; pick-up service"},"content":{"rendered":"<section class=\"bde-section-16006-128 bde-section\">\n  \n  \n\t\n\n\n\n<div class=\"section-container\"><div class=\"bde-div-16006-102 bde-div\" data-entrance=\"slideUp\">\n  \n  \n\t\n\n\n\n<div class=\"bde-text-16006-103 bde-text bde-preset-49b6510a-e7ca-482c-bd42-65de3d2068ec\">\nLoan vehicle\n<\/div><h1 class=\"bde-heading-16006-104 bde-heading\">\nDrive a chip-tuned car while we work!\n<\/h1><div class=\"bde-button-16006-105 bde-button\">\n    \n                                    \n    \n    \n    \n    \n            \n                    \n            \n            \n\n    \n    \n    \n    \n    \n    <a class=\"breakdance-link button-atom button-atom--primary bde-button__button\" href=\"https:\/\/tuningchip.se\/en\/kontakt\/\" target=\"_self\" data-type=\"url\"  >\n\n    \n        <span class=\"button-atom__text\">contact us now<\/span>\n\n        \n        \n                <\/a>\n\n    \n\n\n<\/div>\n<\/div><\/div>\n<\/section><section class=\"bde-section-16006-106 bde-section\">\n  \n  \n\t\n\n\n\n<div class=\"section-container\"><div class=\"bde-columns-16006-107 bde-columns\"><div class=\"bde-column-16006-116 bde-column\">\n  \n  \n\t\n\n\n\n<div class=\"bde-div-16006-129 bde-div\">\n  \n  \n\t\n\n\n\n<div class=\"bde-text-16006-118 bde-text bde-preset-ed8c0f78-019a-4b49-b0b4-ba38dd4e81be translation-block\"><b>Free loaner car\/motorcycle.<\/b><br>With us you can use a chip-tuned loaner car (and motorcycle in Stockholm) free of charge while we take care of your car, you only pay for the fuel you use. Tell us when you book if you need a loaner car or pick-up service!<br><b>Call and book now! 020322911 every day 09-23<\/b><\/div>\n<\/div><div class=\"bde-div-16006-130 bde-div\">\n  \n  \n\t\n\n\n\n<div class=\"bde-text-16006-126 bde-text bde-preset-ed8c0f78-019a-4b49-b0b4-ba38dd4e81be translation-block\"><b>Free pick-up service<\/b><br>If you have difficulty getting to us, we will pick up and drop off your car. In the meantime, you can use our loaner car if necessary, you only pay for the fuel. We pick up and deliver back the same day or by special agreement. We are fully insured so that you as a customer can feel safe.<br><b>Call and book now! 020322911 every day 09-23<\/b><\/div>\n<\/div>\n<\/div><div class=\"bde-column-16006-113 bde-column\">\n  \n  \n\t\n\n\n\n<img decoding=\"async\" class=\"bde-image2-16006-127 bde-image2\" src=\"https:\/\/tuningchip.se\/wp-content\/uploads\/2025\/02\/Frame-594.png\" loading=\"lazy\" srcset=\"https:\/\/tuningchip.se\/wp-content\/uploads\/2025\/02\/Frame-594.png 794w, https:\/\/tuningchip.se\/wp-content\/uploads\/2025\/02\/Frame-594-300x257.png 300w, https:\/\/tuningchip.se\/wp-content\/uploads\/2025\/02\/Frame-594-768x657.png 768w\" sizes=\"(max-width: 794px) 100vw, 794px\">\n<\/div><\/div><\/div>\n<\/section>","protected":false},"excerpt":{"rendered":"<p>L\u00e5nefordon K\u00f6r en chiptunad bil under tiden vi jobbar! kontakta oss nu Kostnadsfri l\u00e5nebil\/motorcykel.Hos oss f\u00e5r du kostnadsfritt disponera en chiptunad l\u00e5nebil (samt motorcykel i Stockholm) under tiden vi tar hand om din bil, du betalar enbart f\u00f6r det br\u00e4nsle som du f\u00f6rbrukar. Tala om n\u00e4r du bokar om du har behov av l\u00e5nebil eller [&hellip;]<\/p>","protected":false},"author":32,"featured_media":0,"parent":0,"menu_order":0,"comment_status":"closed","ping_status":"closed","template":"","meta":{"_acf_changed":false,"_seopress_robots_primary_cat":"","_seopress_titles_title":"","_seopress_titles_desc":"","_seopress_robots_index":"","_breakdance_hide_in_design_set":false,"_breakdance_tags":"","footnotes":""},"class_list":["post-16006","page","type-page","status-publish","hentry"],"acf":[],"_links":{"self":[{"href":"https:\/\/tuningchip.se\/en\/wp-json\/wp\/v2\/pages\/16006","targetHints":{"allow":["GET"]}}],"collection":[{"href":"https:\/\/tuningchip.se\/en\/wp-json\/wp\/v2\/pages"}],"about":[{"href":"https:\/\/tuningchip.se\/en\/wp-json\/wp\/v2\/types\/page"}],"author":[{"embeddable":true,"href":"https:\/\/tuningchip.se\/en\/wp-json\/wp\/v2\/users\/32"}],"replies":[{"embeddable":true,"href":"https:\/\/tuningchip.se\/en\/wp-json\/wp\/v2\/comments?post=16006"}],"version-history":[{"count":8,"href":"https:\/\/tuningchip.se\/en\/wp-json\/wp\/v2\/pages\/16006\/revisions"}],"predecessor-version":[{"id":16134,"href":"https:\/\/tuningchip.se\/en\/wp-json\/wp\/v2\/pages\/16006\/revisions\/16134"}],"wp:attachment":[{"href":"https:\/\/tuningchip.se\/en\/wp-json\/wp\/v2\/media?parent=16006"}],"curies":[{"name":"wp","href":"https:\/\/api.w.org\/{rel}","templated":true}]}}