{"id":3,"date":"2024-09-13T07:54:03","date_gmt":"2024-09-13T07:54:03","guid":{"rendered":"https:\/\/tuningchip.se\/?page_id=3"},"modified":"2025-03-05T22:14:21","modified_gmt":"2025-03-05T22:14:21","slug":"integritetspolicy","status":"publish","type":"page","link":"https:\/\/tuningchip.se\/en\/integritetspolicy\/","title":{"rendered":"Privacy Policy"},"content":{"rendered":"<section class=\"bde-section-3-100 bde-section\">\n  \n  \n\t\n\n\n\n<div class=\"section-container\"><div class=\"bde-columns-3-101 bde-columns\"><div class=\"bde-column-3-102 bde-column\">\n  \n  \n\t\n\n\n\n<div class=\"bde-rich-text-3-104 bde-rich-text breakdance-rich-text-styles\">\n<h2><strong>TuningChip Sweden AB's Privacy Policy<\/strong><\/h2>\n<h4>How we handle personal data:<\/h4>\n<p>How we handle personal data: In order to offer you our services, we need to process your personal data. We protect your privacy and do not collect more data than we need. We never sell the data to third parties. By using TuningChip Sverige AB services, you accept our Privacy Policy and our processing of your personal data. You also agree that we use email to send you information. It is important that you read and understand our Privacy Policy before using our services. Here we explain how we collect and use your personal data. We also describe what rights you have.<\/p>\n<h4>What is considered personal data?<\/h4>\n<p>When you are a customer of ours, or subscribe to our newsletter, you provide personal information. Personal information is information that can identify you and what relationship we have with you. This could be, for example:<\/p>\n<p>Directly identifying personal data<\/p>\n<p class=\"translation-block\">\u2022 Name<br>\u2022 Billing and shipping address<br>\u2022 Email address<br>\u2022 Mobile phone number<br>\u2022 Payment information<\/p>\n<p>Indirectly identifying information<\/p>\n<p class=\"translation-block\">\u2022 Your workplace<br>\u2022 Your professional role<\/p>\n<p>Related information<\/p>\n<p class=\"translation-block\">\u2022 Details of the services you have purchased from us<br>\u2022 Your course results or assessment results with us<\/p>\n<h4>How do we collect personal data?<\/h4>\n<p class=\"translation-block\">You can directly or indirectly provide us with information about yourself in a number of different ways, for example when you:<br>\u2022 Send us an email<br>\u2022 Order a service<br>\u2022 Pay with one of TuningChip Sverige AB's payment options<br>\u2022 Provide us with your registration number<br>\u2022 We may also receive information about you when you use our services or contact us. This may be direct, indirect or related information that we receive when you are in contact with us. See the section What counts as personal data<\/p>\n<h4>What do we do with your information?<\/h4>\n<p>The information we collect is either necessary to be able to enter into an agreement with us, to be able to perform the services we have agreed upon, or to be able to communicate with you.<\/p>\n<h5>Information to enter into agreements or perform services<\/h5>\n<p>All data is used to provide, perform and improve our services. We process personal data for the following purposes based on the following legal grounds:<\/p>\n<p class=\"translation-block\">\u2022 Purpose of the processing<br>\u2022 Agreement, implementation and invoicing of services<br>\u2022 Charge for services<br>\u2022 Hire or engage employees or consultants<br>\u2022 Inform about TuningChip Sverige AB's operations<br>\u2022 Promote TuningChip Sverige AB with examples from your operations<br>\u2022 Marketing and sales<\/p>\n<h5>Information for communicating with you<\/h5>\n<p>We may use information about you to:<\/p>\n<p class=\"translation-block\">\u2022 Tell us about our services and offers<br>\u2022 Send newsletters<br>\u2022 Investigate how satisfied you are as a customer<br>\u2022 Legal basis Agreement<br>\u2022 Legal obligation Agreement<br>\u2022 Consent<br>\u2022 Balancing of interests<br>If you do not want this kind of information from us, you can contact us at info@tuningchip.se<\/p>\n<h4>Will we share your information further?<\/h4>\n<p>We will never sell your personal data to third parties without your permission. However, we may need to share your information with our suppliers in order to be able to perform the assignment we have agreed on. We follow legal, technical and organizational requirements to ensure that your information is handled securely. If TuningChip Sverige AB or a significant part of TuningChip Sverige AB assets is acquired by a third party, personal data about TuningChip Sverige AB customers may be shared with the third party, in order for the assignment to be carried out further.<\/p>\n<h4>Where do we process your personal data?<\/h4>\n<p>We aim to always store your personal data within the EU\/EEA. However, in certain situations it may be processed outside the EU\/EEA by a third party, such as a technology provider or subcontractor. We will always take all reasonable legal, technical and organisational measures to ensure that your information is treated with the same level of protection as is offered within the EU\/EEA.<\/p>\n<h4>How long do we store your personal data?<\/h4>\n<p>We only store your information for as long as is necessary for the respective purpose. We always follow the law and delete your information when it is no longer relevant.<\/p>\n<h5>Your rights<\/h5>\n<p>You have the right to find out what information we have about you, correct any errors and ask us to delete it.<\/p>\n<h5>Right of access<\/h5>\n<p>You can request a copy of the information we hold about you. The copy is free of charge.<\/p>\n<h5>Right to rectification<\/h5>\n<p>You have the right to ask us to correct incorrect information about you or to supplement information that is incomplete.<\/p>\n<h5>Right to be deleted<\/h5>\n<p>You have the right to request that we delete your personal data if the information is no longer necessary for the purpose for which it was collected. However, there may be legal requirements that prevent us from deleting your data. This may be governed, for example, by accounting and tax legislation or consumer rights legislation.<\/p>\n<h4>Contact us (data controller)<\/h4>\n<p class=\"translation-block\">We have a designated person responsible for Privacy Policy issues. If you have questions about privacy and Privacy Policy, you can contact us at info@tuningchip.se<br>TuningChip Sverige AB is registered with the Swedish Companies Registration Office.<br>Organization number 556864-1525.<br>Address: Sankt Eriksgatan 5, 11239 Stockholm.<br>Tel: 08322911<br><small>TuningChip Sverige AB Privacy Policy was last updated on 2019-05-14<\/small><\/p>\n<\/div>\n<\/div><div class=\"bde-column-3-103 bde-column\">\n  \n  \n\t\n\n\n\n\n<\/div><\/div><\/div>\n<\/section>","protected":false},"excerpt":{"rendered":"<p>TuningChip Sverige ABs Integritetspolicy S\u00e5 hanterar vi personuppgifter: S\u00e5 hanterar vi personuppgifter: F\u00f6r att kunna erbjuda dig v\u00e5ra tj\u00e4nster beh\u00f6ver vi behandla dina personuppgifter. Vi v\u00e4rnar om din integritet och samlar inte in fler uppgifter \u00e4n vi beh\u00f6ver. Vi s\u00e4ljer aldrig uppgifterna vidare till tredje part. Genom att anv\u00e4nda TuningChip Sverige AB tj\u00e4nster accepterar du [&hellip;]<\/p>","protected":false},"author":1,"featured_media":0,"parent":0,"menu_order":0,"comment_status":"closed","ping_status":"closed","template":"","meta":{"_acf_changed":false,"_seopress_robots_primary_cat":"","_seopress_titles_title":"","_seopress_titles_desc":"","_seopress_robots_index":"","_breakdance_hide_in_design_set":false,"_breakdance_tags":"","footnotes":""},"class_list":["post-3","page","type-page","status-publish","hentry"],"acf":[],"_links":{"self":[{"href":"https:\/\/tuningchip.se\/en\/wp-json\/wp\/v2\/pages\/3","targetHints":{"allow":["GET"]}}],"collection":[{"href":"https:\/\/tuningchip.se\/en\/wp-json\/wp\/v2\/pages"}],"about":[{"href":"https:\/\/tuningchip.se\/en\/wp-json\/wp\/v2\/types\/page"}],"author":[{"embeddable":true,"href":"https:\/\/tuningchip.se\/en\/wp-json\/wp\/v2\/users\/1"}],"replies":[{"embeddable":true,"href":"https:\/\/tuningchip.se\/en\/wp-json\/wp\/v2\/comments?post=3"}],"version-history":[{"count":3,"href":"https:\/\/tuningchip.se\/en\/wp-json\/wp\/v2\/pages\/3\/revisions"}],"predecessor-version":[{"id":13125,"href":"https:\/\/tuningchip.se\/en\/wp-json\/wp\/v2\/pages\/3\/revisions\/13125"}],"wp:attachment":[{"href":"https:\/\/tuningchip.se\/en\/wp-json\/wp\/v2\/media?parent=3"}],"curies":[{"name":"wp","href":"https:\/\/api.w.org\/{rel}","templated":true}]}}