{"id":349,"date":"2024-12-17T18:40:20","date_gmt":"2024-12-17T18:40:20","guid":{"rendered":"https:\/\/tuningchip.se\/?page_id=349"},"modified":"2026-03-26T15:50:34","modified_gmt":"2026-03-26T14:50:34","slug":"garanti","status":"publish","type":"page","link":"https:\/\/tuningchip.se\/en\/garanti\/","title":{"rendered":"Warranty"},"content":{"rendered":"<section class=\"bde-section-349-100 bde-section\">\n  \n  \n\t\n\n\n\n<div class=\"section-container\"><div class=\"bde-columns-349-101 bde-columns\"><div class=\"bde-column-349-102 bde-column\">\n  \n  \n\t\n\n\n\n<div class=\"bde-text-349-139 bde-text bde-preset-49b6510a-e7ca-482c-bd42-65de3d2068ec\">\nEngine guarantee &amp; software warranty\n<\/div><h1 class=\"bde-heading-349-104 bde-heading\">\nTuningChip has Sweden's most generous software guarantees since its inception in 1997.<br>\n<\/h1><div class=\"bde-text-349-109 bde-text bde-preset-ed8c0f78-019a-4b49-b0b4-ba38dd4e81be\">\nWe guarantee that our engine optimization will not damage your engine. Even overwritten software will be reinstalled as goodwill if a brand workshop were to update your software. Also restoring to the car's original software free of charge. In addition, something completely unique, we guarantee that your engine's software will always work regardless of age or mileage. Read more about our terms and conditions.<br>\n<\/div>\n<\/div><div class=\"bde-column-349-106 bde-column\">\n  \n  \n\t\n\n\n\n<img decoding=\"async\" class=\"bde-image2-349-107 bde-image2\" src=\"https:\/\/tuningchip.se\/wp-content\/uploads\/2025\/02\/tyler-clemmensen-d1Jum1vVLew-unsplash-2-5.jpg\" loading=\"lazy\" srcset=\"https:\/\/tuningchip.se\/wp-content\/uploads\/2025\/02\/tyler-clemmensen-d1Jum1vVLew-unsplash-2-5.jpg 650w, https:\/\/tuningchip.se\/wp-content\/uploads\/2025\/02\/tyler-clemmensen-d1Jum1vVLew-unsplash-2-5-300x233.jpg 300w\" sizes=\"(max-width: 650px) 100vw, 650px\">\n<\/div><\/div><div class=\"bde-columns-349-110 bde-columns\"><div class=\"bde-column-349-111 bde-column\">\n  \n  \n\t\n\n\n\n<div class=\"bde-div-349-114 bde-div\">\n  \n  \n\t\n\n\n\n<div class=\"bde-icon-349-115 bde-icon\">\n\n    \n            <div class=\"bde-icon-icon breakdance-icon-atom\" >\n    \n                    <svg xmlns=\"http:\/\/www.w3.org\/2000\/svg\" width=\"64\" height=\"64\" viewbox=\"0 0 64 64\" fill=\"none\">\r\n<g clip-path=\"url(#clip0_811_4532)\">\r\n<path d=\"M62.6362 17.1829L51.4305 5.97723C49.7999 4.34635 47.2687 4.15609 45.4123 5.52485L39.359 9.98814C39.1393 10.1501 39.0012 10.4 38.9807 10.6723C38.9602 10.9445 39.0595 11.2121 39.2525 11.4053L40.7113 12.864L34.3026 19.2727H29.6972L23.2882 12.8637L24.7472 11.4045C24.9403 11.2114 25.0394 10.9438 25.019 10.6715C24.9985 10.3993 24.8603 10.1494 24.6405 9.98739L18.5875 5.5251C16.7319 4.15597 14.2008 4.34622 12.5694 5.97773L10.7951 7.75225C10.4291 8.11825 10.4291 8.71175 10.7951 9.07776C11.1611 9.44376 11.7546 9.44376 12.1206 9.07776L13.8951 7.30324C14.8657 6.33261 16.371 6.21924 17.475 7.03374L19.489 8.5185L3.90463 24.1028L2.41987 22.0894C1.60598 20.984 1.71924 19.4777 2.68912 18.5078L9.46992 11.7272C9.83593 11.3612 9.83593 10.7678 9.46992 10.4016C9.10404 10.0356 8.51054 10.0356 8.14441 10.4016L1.36361 17.1823C-0.26653 18.8125 -0.457157 21.3436 0.910854 23.2012L5.37476 29.2547C5.53677 29.4744 5.78664 29.6125 6.05889 29.633C6.08239 29.6348 6.10577 29.6357 6.12915 29.6357C6.37665 29.6357 6.6154 29.5375 6.7919 29.3612L8.25079 27.9022L9.33917 28.9905C7.03965 30.9702 5.69427 33.8598 5.69427 36.9202C5.69427 41.9456 9.28092 46.237 14.1468 47.1876C14.676 49.9916 16.6731 52.2826 19.3075 53.2276V56.5943C19.3075 58.1339 20.5595 59.3864 22.0985 59.3864C23.3094 59.3864 24.3424 58.6114 24.7284 57.5315H26.0703C26.4562 58.6114 27.4886 59.3864 28.6989 59.3864C29.9098 59.3864 30.9428 58.6114 31.3288 57.5315H32.6711C33.057 58.6111 34.0897 59.386 35.3004 59.386C36.511 59.386 37.5436 58.6111 37.9295 57.5315H39.2719C39.6578 58.6111 40.6905 59.386 41.901 59.386C43.4403 59.386 44.6926 58.1338 44.6926 56.5945V49.2259C46.1626 49.0229 47.4838 48.3502 48.5004 47.3638C50.374 47.2463 52.1744 46.6288 53.7291 45.567C54.1566 45.275 54.2665 44.6919 53.9745 44.2644C53.6828 43.837 53.0994 43.727 52.672 44.019C51.8485 44.5814 50.9407 44.9907 49.9874 45.2369C50.2882 44.5614 50.4822 43.8289 50.5482 43.0598C52.9685 41.996 54.5535 39.6064 54.5535 36.9204C54.5535 34.8396 53.5979 32.9136 51.998 31.6533L53.331 30.3203C55.2849 31.9468 56.431 34.361 56.431 36.9201C56.431 38.5954 55.9462 40.2195 55.0289 41.617C54.7449 42.0498 54.8654 42.6308 55.2982 42.9149C55.4568 43.019 55.6352 43.0686 55.8117 43.0686C56.1168 43.0686 56.416 42.9198 56.596 42.6456C57.7144 40.9418 58.3056 38.9619 58.3056 36.9202C58.3056 33.8592 56.96 30.9698 54.6604 28.9912L55.7494 27.9022L57.2083 29.361C57.3847 29.5374 57.6234 29.6355 57.8709 29.6355C57.8943 29.6355 57.9177 29.6347 57.9412 29.6329C58.2134 29.6124 58.4633 29.4743 58.6253 29.2545L63.0886 23.2014C64.4574 21.3447 64.2671 18.8137 62.6362 17.1829ZM47.5248 25.8398C47.5248 25.6045 47.6165 25.3833 47.7828 25.2169L50.4236 22.5761L51.6693 23.8217L49.0285 26.4625C48.8621 26.6289 48.641 26.7205 48.4057 26.7205C48.1705 26.7205 47.9492 26.6289 47.7828 26.4625C47.6165 26.2963 47.5248 26.075 47.5248 25.8398ZM45.2046 17.3572L46.0373 18.19L43.3966 20.8307C43.2302 20.9971 43.0091 21.0887 42.7737 21.0887C42.5384 21.0887 42.3173 20.9971 42.1508 20.8307C41.8074 20.4873 41.8074 19.9285 42.1508 19.5851L44.7916 16.9443L45.2046 17.3572ZM42.0369 14.1895L43.4662 15.6188L40.8254 18.2596C39.7512 19.3338 39.7512 21.0819 40.8254 22.1561C41.3458 22.6765 42.0378 22.9631 42.7737 22.9631C43.5097 22.9631 44.2016 22.6765 44.7219 22.1561L47.3627 19.5153L49.0981 21.2507L46.4573 23.8915C45.937 24.4119 45.6503 25.1039 45.6503 25.8398C45.6503 26.5756 45.937 27.2677 46.4573 27.788C46.9777 28.3084 47.6696 28.595 48.4056 28.595C49.1416 28.595 49.8335 28.3084 50.3539 27.788L52.9946 25.1473L54.4239 26.5765L48.4035 32.5971L36.0164 20.2101L42.0369 14.1895ZM38.0918 49.2924H39.1095V55.657H38.0918V49.2924ZM31.6581 47.4179L36.9414 42.2313C36.9386 42.3113 36.9353 42.3913 36.9353 42.4719C36.9353 44.4177 37.7556 46.1743 39.067 47.4179H31.6581ZM24.8907 53.1511C25.2425 53.014 25.5823 52.8531 25.9081 52.6695V55.657H24.8907V53.1511ZM31.4912 49.2924H32.5089V55.657H31.4912V49.2924ZM29.9533 46.4647C29.9772 46.2138 29.9906 45.9599 29.9906 45.7029C29.9906 41.2961 26.4053 37.7109 21.9985 37.7109C21.8259 37.7109 21.655 37.7182 21.485 37.7291L26.7104 32.6194C26.9059 35.3677 29.2028 37.5445 32 37.5445C34.925 37.5445 37.3046 35.1648 37.3046 32.2398C37.3046 32.1146 37.2988 31.9908 37.2901 31.8678L42.6659 35.74C41.2224 35.9727 39.9288 36.6591 38.9378 37.6491L38.9389 37.6434L29.9533 46.4647ZM13.3398 32.9913L14.7745 34.426L16.5317 39.881C15.9821 40.3975 15.5052 40.99 15.1186 41.6426C12.9466 41.1604 11.3202 39.1925 11.3202 36.9204C11.3203 35.3463 12.0798 33.8943 13.3398 32.9913ZM32 28.8097C33.8914 28.8097 35.4301 30.3484 35.4301 32.2398C35.4301 34.1312 33.8914 35.67 32 35.67C30.1086 35.67 28.5698 34.1312 28.5698 32.2398C28.5698 30.3484 30.1086 28.8097 32 28.8097ZM46.6465 36.297C46.6465 36.297 35.3156 28.0987 35.1836 27.9993C34.2962 27.3314 33.1935 26.9351 32 26.9351C30.6197 26.9351 29.3612 27.4655 28.4166 28.3325L18.0465 38.4696L16.6646 34.18L29.6973 21.1472H34.3027L47.3353 34.1798L46.6528 36.2997C46.6507 36.2988 46.6486 36.298 46.6465 36.297ZM13.5765 22.5762L16.2172 25.217C16.3836 25.3834 16.4752 25.6045 16.4752 25.8398C16.4752 26.075 16.3836 26.2963 16.2172 26.4625C16.0508 26.6289 15.8297 26.7205 15.5943 26.7205C15.3591 26.7205 15.138 26.6289 14.9716 26.4625L12.3308 23.8217L13.5765 22.5762ZM6.23677 27.2653L5.02976 25.6285L21.0149 9.64339L22.6513 10.8496L6.23677 27.2653ZM11.0054 25.1474L13.6461 27.788C14.1665 28.3084 14.8583 28.595 15.5943 28.595C16.3304 28.595 17.0222 28.3084 17.5426 27.788C18.063 27.2677 18.3496 26.5756 18.3496 25.8398C18.3496 25.1039 18.063 24.4119 17.5426 23.8915L14.9018 21.2507L14.9236 21.229L16.6372 19.5153L19.278 22.1561C19.7984 22.6765 20.4903 22.9631 21.2263 22.9631C21.9623 22.9631 22.6542 22.6765 23.1745 22.1561C24.2488 21.0819 24.2488 19.3338 23.1745 18.2596L20.5338 15.6188L21.963 14.1895L27.9836 20.2101L15.5965 32.5971L9.57617 26.5768L11.0054 25.1474ZM19.2084 16.9443L21.8491 19.5851C22.1925 19.9285 22.1925 20.4873 21.8491 20.8307C21.6828 20.9971 21.4615 21.0887 21.2263 21.0887C20.991 21.0887 20.7698 20.9971 20.6034 20.8307L17.9627 18.19L19.2084 16.9443ZM7.56878 36.9202C7.56878 34.3617 8.71479 31.9473 10.6684 30.3198L12.0017 31.6531C10.4016 32.9134 9.44567 34.8395 9.44567 36.9202C9.44567 38.6026 10.0736 40.213 11.2137 41.4548C12.0692 42.3865 13.1556 43.0493 14.3506 43.3835C14.1705 43.9762 14.0576 44.5975 14.0207 45.2392C10.2763 44.2789 7.56878 40.8766 7.56878 36.9202ZM15.881 45.7029C15.881 42.3298 18.6254 39.5854 21.9985 39.5854C25.3717 39.5854 28.1161 42.3296 28.1161 45.7029C28.1161 49.0762 25.3717 51.8205 21.9985 51.8205C18.6254 51.8205 15.881 49.0762 15.881 45.7029ZM22.0985 57.5119C21.5933 57.5119 21.182 57.1003 21.182 56.5943V53.6536C21.4505 53.681 21.7228 53.695 21.9984 53.695C22.3434 53.695 22.6825 53.6706 23.0162 53.628V56.5943C23.0162 57.1003 22.6045 57.5119 22.0985 57.5119ZM28.6989 57.5119C28.1937 57.5119 27.7826 57.1003 27.7826 56.5943V51.2226L29.6167 49.4219V56.5941C29.6167 57.1003 29.2051 57.5119 28.6989 57.5119ZM35.3004 57.5115C34.7947 57.5115 34.3834 57.1001 34.3834 56.5945V49.2924H36.2173V56.5945C36.2173 57.1001 35.806 57.5115 35.3004 57.5115ZM41.901 57.5115C41.3954 57.5115 40.9842 57.1001 40.9842 56.5945V49.2924H42.8181V56.5945C42.8181 57.1001 42.4067 57.5115 41.901 57.5115ZM43.7553 47.4174C41.0284 47.4174 38.8098 45.1989 38.8098 42.4719C38.8098 39.745 41.0283 37.5264 43.7553 37.5264C46.4822 37.5264 48.7009 39.7449 48.7009 42.4719C48.7009 45.1989 46.4822 47.4174 43.7553 47.4174ZM52.679 36.9204C52.679 38.6141 51.8044 40.1448 50.4169 41.0146C50.1034 39.5805 49.3377 38.314 48.2767 37.3724L49.2252 34.4262L50.6599 32.9916C51.9196 33.8942 52.679 35.3462 52.679 36.9204ZM57.7632 27.2649L41.3485 10.8503L42.9852 9.64351L58.9699 25.6283L57.7632 27.2649ZM61.5798 22.0886L60.0949 24.1024L44.5109 8.51838L46.5247 7.03349C47.6292 6.21911 49.1349 6.33236 50.105 7.30262L61.3107 18.5083C62.281 19.4786 62.3941 20.9844 61.5798 22.0886Z\" fill=\"#EB6300\"\/>\r\n<path d=\"M24.8257 45.7029C24.8257 44.143 23.5567 42.874 21.9968 42.874C20.437 42.874 19.168 44.143 19.168 45.7029C19.168 47.2628 20.437 48.5318 21.9968 48.5318C23.5567 48.5318 24.8257 47.2628 24.8257 45.7029ZM21.0425 45.7029C21.0425 45.1767 21.4706 44.7485 21.9968 44.7485C22.5231 44.7485 22.9512 45.1767 22.9512 45.7029C22.9512 46.2291 22.5231 46.6573 21.9968 46.6573C21.4706 46.6573 21.0425 46.2291 21.0425 45.7029Z\" fill=\"#EB6300\"\/>\r\n<path d=\"M43.7547 39.6431C42.1948 39.6431 40.9258 40.9121 40.9258 42.4719C40.9258 44.0318 42.1948 45.3008 43.7547 45.3008C45.3145 45.3008 46.5835 44.0318 46.5835 42.4719C46.5835 40.9121 45.3145 39.6431 43.7547 39.6431ZM43.7547 43.4263C43.2284 43.4263 42.8003 42.9982 42.8003 42.4719C42.8003 41.9457 43.2284 41.5176 43.7547 41.5176C44.2809 41.5176 44.709 41.9457 44.709 42.4719C44.709 42.9982 44.2809 43.4263 43.7547 43.4263Z\" fill=\"#EB6300\"\/>\r\n<\/g>\r\n<defs>\r\n<clippath id=\"clip0_811_4532\">\r\n<rect width=\"64\" height=\"64\" fill=\"white\"\/>\r\n<\/clippath>\r\n<\/defs>\r\n<\/svg>\n        \n        \n        \n            <\/div>\n    \n\n\n<\/div><h2 class=\"bde-heading-349-116 bde-heading bde-preset-9b757338-8f42-482c-be38-96a77d3c821d\">\nEngine guarantee*\n<\/h2>\n<\/div><div class=\"bde-text-349-129 bde-text bde-preset-36bc2f00-9449-4402-9935-e5f922aed1bf\">\nOur engine warranty includes:\n<\/div><ul class=\"bde-basic-list-349-133 bde-basic-list\">\n  <li  >    \n          The car is inspected by TuningChip before any action is taken.\n      <\/li>\n  <li  >    \n          The engine warranty applies when the vehicle has an engine warranty as a new car warranty - not extended - provided that the criteria below are met.\n      <\/li>\n  <li  >    \n          Service must be carried out according to the service book by a brand workshop or a workshop designated by us within service intervals.\n      <\/li>\n  <li  >    \n          The engine oil must be changed at least every 1500 km and\/or once a year.\n      <\/li>\n  <li  >    \n          Spark plug replacement max. 5,000 km on BMW\/Mini 2.0T engines.\n      <\/li>\n  <li  >    \n          Swedish registered vehicle.\n      <\/li>\n  <li  >    \n          Not imported cars.\n      <\/li>\n  <li  >    \n          Maximum compensation per damage is a base amount.\n      <\/li>\n  <li  >    \n          Does not apply to known manufacturing defects.\n      <\/li>\n  <li  >    \n          Damage that is not approved in advance by Tuningchip AB will not be compensated for subsequently.\n      <\/li>\n<\/ul><div class=\"bde-text-349-130 bde-text bde-preset-36bc2f00-9449-4402-9935-e5f922aed1bf\">\nExceptions for mechanical damage:\n<\/div><ul class=\"bde-basic-list-349-134 bde-basic-list\">\n  <li  >    \n          Normal wear and tear.\n      <\/li>\n  <li  >    \n          Theft.\n      <\/li>\n  <li  >    \n          Previously upgraded cars.\n      <\/li>\n  <li  >    \n          If other interventions are made to the engine, e.g. replacement of hardware.\n      <\/li>\n  <li  >    \n          Track driving or other driving that cannot be considered normal.\n      <\/li>\n  <li  >    \n          Does not apply to known manufacturing defects.\n      <\/li>\n  <li  >    \n          Launch control may not be used\n      <\/li>\n  <li  >    \n          Stage 2 &amp; 3 optimizations\n      <\/li>\n  <li  >    \n          Pops & Bangs\n      <\/li>\n<\/ul><div class=\"bde-text-349-131 bde-text bde-preset-36bc2f00-9449-4402-9935-e5f922aed1bf\">\nIn case of any damage:\n<\/div><div class=\"bde-text-349-135 bde-text\">\nBefore any action is taken on the car, contact TuningChip for support and inspection. TuningChip is not responsible for costs that are not approved by us. The deductible for each compensable damage is 2500:-.\n<\/div><div class=\"bde-text-349-136 bde-text\">\n* The engine warranty expires when the car changes ownership.\n<\/div>\n<\/div><div class=\"bde-column-349-112 bde-column\">\n  \n  \n\t\n\n\n\n<div class=\"bde-div-349-117 bde-div\">\n  \n  \n\t\n\n\n\n<div class=\"bde-icon-349-118 bde-icon\">\n\n    \n            <div class=\"bde-icon-icon breakdance-icon-atom\" >\n    \n                    <svg xmlns=\"http:\/\/www.w3.org\/2000\/svg\" width=\"63\" height=\"63\" viewbox=\"0 0 63 63\" fill=\"none\">\r\n<g clip-path=\"url(#clip0_811_4539)\">\r\n<path d=\"M54.3927 22.1731L54.3984 22.1703C54.7843 21.9776 55.2308 21.946 55.6399 22.0826C56.049 22.2191 56.3871 22.5126 56.5798 22.8984C56.7724 23.2843 56.804 23.7308 56.6674 24.1399C56.5327 24.5435 56.2453 24.8779 55.8671 25.0719C54.3551 25.761 53.6683 27.5756 54.4269 29.0938L56.0234 32.2883L56.0235 32.2887C56.5016 33.2442 56.7503 34.2979 56.75 35.3664V35.3666V42C56.75 42.9672 56.5459 43.9236 56.151 44.8066C56.0308 45.0753 55.9006 45.356 55.7667 45.6446C55.4495 46.3285 55.1116 47.0569 54.8374 47.7761C54.438 48.8238 54.125 49.9644 54.125 51.1875C54.125 51.9666 53.8155 52.7137 53.2646 53.2646C52.7137 53.8155 51.9666 54.125 51.1875 54.125C50.4084 54.125 49.6613 53.8155 49.1104 53.2646C48.5595 52.7137 48.25 51.9666 48.25 51.1875C48.25 49.9103 47.2147 48.875 45.9375 48.875H17.0625C15.7853 48.875 14.75 49.9103 14.75 51.1875C14.75 51.9666 14.4405 52.7137 13.8896 53.2646C13.3387 53.8155 12.5916 54.125 11.8125 54.125C11.0334 54.125 10.2863 53.8155 9.73537 53.2646C9.18449 52.7137 8.875 51.9666 8.875 51.1875C8.875 49.962 8.56124 48.821 8.16087 47.7729C7.88776 47.0579 7.55114 46.3329 7.23488 45.6516C7.09892 45.3588 6.96673 45.074 6.84496 44.8017C6.46285 43.9471 6.25 42.9997 6.25 42L6.25 35.3644C6.25 35.3644 6.25 35.3643 6.25 35.3643C6.25 35.3642 6.25 35.3641 6.25 35.364C6.25049 34.2973 6.4992 33.2453 6.97646 32.2913L6.97674 32.2907L8.55601 29.1289C9.31957 27.6001 8.61312 25.8095 7.15657 25.0838C6.77222 24.8872 6.48011 24.5478 6.34291 24.1384C6.20577 23.7291 6.23437 23.2824 6.42247 22.894C6.51763 22.7046 6.64894 22.5356 6.809 22.3966C6.97021 22.2566 7.15743 22.1498 7.35995 22.0822C7.56247 22.0145 7.77634 21.9875 7.98932 22.0026C8.2023 22.0177 8.41022 22.0746 8.60119 22.1701L8.60622 22.1726C10.1893 22.953 12.0116 22.2159 12.7603 20.7197L15.4709 15.3023L15.4712 15.3019C16.0419 14.1597 16.9194 13.1991 18.0054 12.5276C19.0913 11.8561 20.3428 11.5003 21.6195 11.5C21.6196 11.5 21.6196 11.5 21.6197 11.5H41.3805C42.657 11.5 43.9084 11.8555 44.9943 12.5266C46.0803 13.1977 46.958 14.1579 47.529 15.2996L50.2399 20.7195C50.9887 22.2164 52.8109 22.9506 54.3927 22.1731ZM18.6036 16.3631L18.585 16.3911L18.5682 16.4203L18.4055 16.7038L18.3913 16.7286L18.3785 16.7541C16.3813 20.7453 18.4303 25.7755 23.0273 26.5346C25.6465 26.9671 28.5048 27.25 31.5 27.25C37.2395 27.25 42.4765 26.211 46.4997 25.0673L46.505 25.0657C47.5377 24.766 48.0462 23.6035 47.5653 22.6417L44.6217 16.7544L43.7273 17.2016L44.6217 16.7544C44.3549 16.2208 43.9606 15.7614 43.4736 15.4168C42.9867 15.0721 42.4223 14.853 41.8304 14.7788L41.8007 14.775L41.7709 14.7731L41.448 14.7521L41.4156 14.75H41.3831H41.3805H21.6196C21.6196 14.75 21.6195 14.75 21.6195 14.75C21.0229 14.7499 20.4355 14.8971 19.9094 15.1785C19.3833 15.4599 18.9348 15.8668 18.6036 16.3631ZM19.6875 33.125C18.378 33.125 17.1221 33.6452 16.1962 34.5712C15.2702 35.4971 14.75 36.753 14.75 38.0625C14.75 39.372 15.2702 40.6279 16.1962 41.5538C17.1221 42.4798 18.378 43 19.6875 43C20.997 43 22.2529 42.4798 23.1788 41.5538C24.1048 40.6279 24.625 39.372 24.625 38.0625C24.625 36.753 24.1048 35.4971 23.1788 34.5712C22.2529 33.6452 20.997 33.125 19.6875 33.125ZM43.3125 33.125C42.003 33.125 40.7471 33.6452 39.8212 34.5712C38.8952 35.4971 38.375 36.753 38.375 38.0625C38.375 39.372 38.8952 40.6279 39.8212 41.5538C40.7471 42.4798 42.003 43 43.3125 43C44.622 43 45.8779 42.4798 46.8038 41.5538C47.7298 40.6279 48.25 39.372 48.25 38.0625C48.25 36.753 47.7298 35.4971 46.8038 34.5712C45.8779 33.6452 44.622 33.125 43.3125 33.125Z\" stroke=\"#EB6300\" stroke-width=\"2\"\/>\r\n<\/g>\r\n<defs>\r\n<clippath id=\"clip0_811_4539\">\r\n<rect width=\"63\" height=\"63\" fill=\"white\"\/>\r\n<\/clippath>\r\n<\/defs>\r\n<\/svg>\n        \n        \n        \n            <\/div>\n    \n\n\n<\/div><h2 class=\"bde-heading-349-119 bde-heading bde-preset-9b757338-8f42-482c-be38-96a77d3c821d\">\nprogram guarantee*\n<\/h2>\n<\/div><div class=\"bde-text-349-126 bde-text\">\nWhen you hand in your car for service at the brand workshop, it may happen - although it is very rare - that the car's software is updated. This means that the program is overwritten and lost. If this happens to you, we will ensure that you receive an updated program reinstalled free of charge as goodwill**. If you wish to restore the car's original software, we will also do this free of charge. A free update or restoration to original, then 1,990:-.\n<\/div><div class=\"bde-text-349-127 bde-text translation-block\">** Does not apply if the manufacturer makes updating difficult\/impossible. Applies during the period covered by the engine warranty from the supplier. If your warranty has expired, you have the right to refuse an update if you service at a brand workshop, your engine will then be original again. Due to the \"dieselgate\" scandals, brand workshops are trying to avoid liability by installing new software even on older models. This update normally gives about 7-8% higher fuel consumption, lower engine power and worse throttle response - here you say no. We will also update your car in these cases but the cost is 1,990 SEK. We do not update Alfa Romeo's 2.9T, Audi R8 V10, Volvo 2.0 D3, D4, D5 and T8 free of charge, cost 2,990 SEK.<br>Five-time unlocked BMWs will incur a new unlocking cost of 50% of the cost. Fifth-generation BMW made by us after 1\/1 2026, 2,990 SEK.<\/div><div class=\"bde-div-349-120 bde-div\">\n  \n  \n\t\n\n\n\n<div class=\"bde-div-349-121 bde-div\">\n  \n  \n\t\n\n\n\n<div class=\"bde-icon-349-122 bde-icon\">\n\n    \n            <div class=\"bde-icon-icon breakdance-icon-atom\" >\n    \n                    <svg xmlns=\"http:\/\/www.w3.org\/2000\/svg\" width=\"39\" height=\"39\" viewbox=\"0 0 39 39\" fill=\"none\">\r\n<path d=\"M35.9033 28.7542L35.9039 28.7552C36.2059 29.2731 36.3648 29.862 36.3643 30.4615C36.3637 31.061 36.2039 31.6496 35.901 32.167L35.9003 32.1682C35.5896 32.7072 35.1412 33.154 34.601 33.4628C34.0608 33.7715 33.4482 33.9311 32.826 33.9251H32.8241L6.17917 33.9251L6.1771 33.9251C5.55443 33.9316 4.94126 33.7723 4.40049 33.4635C3.85973 33.1548 3.41085 32.7077 3.09992 32.1682L3.09932 32.1671C2.79688 31.6495 2.6375 31.0608 2.6375 30.4612C2.6375 29.8617 2.79688 29.273 3.09932 28.7553L3.09995 28.7542L16.4216 5.61928C16.4217 5.61904 16.4218 5.6188 16.422 5.61856C16.7372 5.0821 17.1871 4.63729 17.7272 4.32818C18.2674 4.01894 18.8791 3.85625 19.5016 3.85625C20.1241 3.85625 20.7359 4.01894 21.2761 4.32818C21.8161 4.63729 22.2661 5.0821 22.5813 5.61856C22.5814 5.6188 22.5816 5.61904 22.5817 5.61928L35.9033 28.7542ZM18.1907 6.6322L18.1906 6.63218L18.1888 6.63542L4.86744 29.77C4.86723 29.7703 4.86702 29.7707 4.86681 29.771C4.74382 29.9797 4.67895 30.2175 4.67895 30.4597C4.67895 30.7021 4.74392 30.9401 4.8671 31.1489C5.00118 31.3776 5.19368 31.5666 5.42485 31.6964C5.65549 31.8259 5.91635 31.8919 6.18081 31.8876H32.8225C33.0869 31.8919 33.3478 31.8259 33.5784 31.6964C33.8093 31.5667 34.0017 31.378 34.1357 31.1496C34.2599 30.9415 34.3261 30.7039 34.3274 30.4616C34.3286 30.2192 34.2649 29.9809 34.1428 29.7715C34.1427 29.7713 34.1426 29.7711 34.1425 29.7708L20.8206 6.63542L20.8206 6.6354L20.8187 6.6322C20.6824 6.40544 20.4898 6.21781 20.2595 6.08754C20.0293 5.95728 19.7692 5.88881 19.5047 5.88881C19.2401 5.88881 18.9801 5.95728 18.7498 6.08754C18.5196 6.21781 18.3269 6.40544 18.1907 6.6322ZM18.4829 21.9376V15.8439C18.4829 15.5737 18.5902 15.3145 18.7813 15.1235C18.9723 14.9324 19.2314 14.8251 19.5016 14.8251C19.7718 14.8251 20.0309 14.9324 20.222 15.1235C20.4131 15.3145 20.5204 15.5737 20.5204 15.8439V21.9376C20.5204 22.2078 20.4131 22.4669 20.222 22.658C20.0309 22.849 19.7718 22.9563 19.5016 22.9563C19.2314 22.9563 18.9723 22.849 18.7813 22.658C18.5902 22.4669 18.4829 22.2078 18.4829 21.9376ZM21.1298 27.422C21.1298 27.744 21.0343 28.0588 20.8554 28.3265C20.6765 28.5943 20.4222 28.8029 20.1247 28.9262C19.8272 29.0494 19.4998 29.0816 19.184 29.0188C18.8682 28.956 18.5781 28.8009 18.3504 28.5732C18.1227 28.3455 17.9676 28.0554 17.9048 27.7396C17.842 27.4238 17.8742 27.0964 17.9974 26.7989C18.1207 26.5014 18.3294 26.2471 18.5971 26.0682C18.8648 25.8893 19.1796 25.7938 19.5016 25.7938C19.9334 25.7938 20.3476 25.9654 20.6529 26.2707C20.9582 26.576 21.1298 26.9902 21.1298 27.422Z\" fill=\"#EB6300\" stroke=\"white\" stroke-width=\"0.4\"\/>\r\n<\/svg>\n        \n        \n        \n            <\/div>\n    \n\n\n<\/div><h4 class=\"bde-heading-349-123 bde-heading\">\nWarning for Diesel boxes\n<\/h4>\n<\/div><div class=\"bde-text-349-124 bde-text\">\nSTT Emtec emission &amp; engine technology laboratory has tested diesel boxes that showed a power increase of approximately 1\/3 of the promised power increase, another disadvantage was exceeding the maximum exhaust gas temperature in the turbo and too high fuel pressure.\n<\/div><div class=\"bde-button-349-125 bde-button\">\n    \n                                    \n    \n    \n    \n    \n            \n                    \n            \n            \n\n    \n    \n    \n    \n    \n    <a class=\"breakdance-link button-atom button-atom--custom bde-button__button\" href=\"https:\/\/tuningchip.se\/en\/dieselboxar\/\" target=\"_blank\" data-type=\"url\"  >\n\n    \n        <span class=\"button-atom__text\">READ THE TEXT HERE<\/span>\n\n                            \n        \n                <\/a>\n\n    \n\n\n<\/div>\n<\/div>\n<\/div><\/div><\/div>\n<\/section>","protected":false},"excerpt":{"rendered":"<p>Motorgaranti &#038; programgaranti TuningChip har Sveriges gener\u00f6saste mjukvarugarantier sedan starten 1997. Vi garanterar att v\u00e5r motoroptimering inte skadar din motor. \u00c4ven \u00f6verskrivet program \u00e5terinstallerat som goodwill om en m\u00e4rkesverkstad skulle uppdatera din programvara. \u00c4ven \u00e5terst\u00e4llning till bilens orginalprogramvara utan kostnad. Dessutom n\u00e5got helt unikt, vi garanterar att din motor mjukvarum\u00e4ssigt alltid kommer att fungera oavsett [&hellip;]<\/p>","protected":false},"author":1,"featured_media":0,"parent":0,"menu_order":0,"comment_status":"closed","ping_status":"closed","template":"","meta":{"_acf_changed":false,"_seopress_robots_primary_cat":"","_seopress_titles_title":"","_seopress_titles_desc":"","_seopress_robots_index":"","_breakdance_hide_in_design_set":false,"_breakdance_tags":"","footnotes":""},"class_list":["post-349","page","type-page","status-publish","hentry"],"acf":[],"_links":{"self":[{"href":"https:\/\/tuningchip.se\/en\/wp-json\/wp\/v2\/pages\/349","targetHints":{"allow":["GET"]}}],"collection":[{"href":"https:\/\/tuningchip.se\/en\/wp-json\/wp\/v2\/pages"}],"about":[{"href":"https:\/\/tuningchip.se\/en\/wp-json\/wp\/v2\/types\/page"}],"author":[{"embeddable":true,"href":"https:\/\/tuningchip.se\/en\/wp-json\/wp\/v2\/users\/1"}],"replies":[{"embeddable":true,"href":"https:\/\/tuningchip.se\/en\/wp-json\/wp\/v2\/comments?post=349"}],"version-history":[{"count":35,"href":"https:\/\/tuningchip.se\/en\/wp-json\/wp\/v2\/pages\/349\/revisions"}],"predecessor-version":[{"id":16236,"href":"https:\/\/tuningchip.se\/en\/wp-json\/wp\/v2\/pages\/349\/revisions\/16236"}],"wp:attachment":[{"href":"https:\/\/tuningchip.se\/en\/wp-json\/wp\/v2\/media?parent=349"}],"curies":[{"name":"wp","href":"https:\/\/api.w.org\/{rel}","templated":true}]}}